{"id":473,"date":"2024-02-08T10:00:32","date_gmt":"2024-02-08T09:00:32","guid":{"rendered":"https:\/\/olc.mindinclusion.eu\/intrebari-frecvente\/"},"modified":"2024-09-30T15:14:32","modified_gmt":"2024-09-30T13:14:32","slug":"intrebari-frecvente","status":"publish","type":"page","link":"https:\/\/olc.mindinclusion.eu\/ro\/intrebari-frecvente\/","title":{"rendered":"\u00centreb\u0103ri frecvente"},"content":{"rendered":"<p><div class=\"fusion-fullwidth fullwidth-box fusion-builder-row-1 fusion-flex-container has-pattern-background has-mask-background fusion-parallax-none hundred-percent-fullwidth non-hundred-percent-height-scrolling\" style=\"--awb-background-position:center top;--awb-border-radius-top-left:0px;--awb-border-radius-top-right:0px;--awb-border-radius-bottom-right:0px;--awb-border-radius-bottom-left:0px;--awb-padding-top:14vw;--awb-padding-bottom:14vw;--awb-background-color:#bdbebf;--awb-background-image:url(&quot;https:\/\/olc.mindinclusion.eu\/wp-content\/uploads\/2024\/02\/Header-OLC.png&quot;);--awb-background-size:cover;--awb-flex-wrap:wrap;\" ><div class=\"fusion-builder-row fusion-row fusion-flex-align-items-flex-start fusion-flex-content-wrap\" style=\"width:104% !important;max-width:104% !important;margin-left: calc(-4% \/ 2 );margin-right: calc(-4% \/ 2 );\"><\/div><\/div><div class=\"fusion-fullwidth fullwidth-box fusion-builder-row-2 fusion-flex-container has-pattern-background has-mask-background hundred-percent-fullwidth non-hundred-percent-height-scrolling\" style=\"--awb-border-radius-top-left:0px;--awb-border-radius-top-right:0px;--awb-border-radius-bottom-right:0px;--awb-border-radius-bottom-left:0px;--awb-padding-right:80px;--awb-margin-top:-5vw;--awb-flex-wrap:wrap;\" ><div class=\"fusion-builder-row fusion-row fusion-flex-align-items-flex-start fusion-flex-justify-content-flex-end fusion-flex-content-wrap\" style=\"width:104% !important;max-width:104% !important;margin-left: calc(-4% \/ 2 );margin-right: calc(-4% \/ 2 );\"><div class=\"fusion-layout-column fusion_builder_column fusion-builder-column-0 fusion_builder_column_2_3 2_3 fusion-flex-column\" style=\"--awb-padding-top:40px;--awb-padding-bottom:40px;--awb-overflow:hidden;--awb-bg-color:var(--awb-color4);--awb-bg-color-hover:var(--awb-color4);--awb-bg-size:cover;--awb-border-radius:16px 16px 16px 16px;--awb-width-large:66.666666666667%;--awb-margin-top-large:0px;--awb-spacing-right-large:2.88%;--awb-margin-bottom-large:20px;--awb-spacing-left-large:2.88%;--awb-width-medium:66.666666666667%;--awb-order-medium:0;--awb-spacing-right-medium:2.88%;--awb-spacing-left-medium:2.88%;--awb-width-small:100%;--awb-order-small:0;--awb-spacing-right-small:1.92%;--awb-spacing-left-small:1.92%;\"><div class=\"fusion-column-wrapper fusion-column-has-shadow fusion-flex-justify-content-flex-start fusion-content-layout-column\"><div class=\"fusion-title title fusion-title-1 fusion-sep-none fusion-title-center fusion-title-text fusion-title-size-one\" style=\"--awb-text-color:var(--awb-color1);\"><h1 class=\"fusion-title-heading title-heading-center fusion-responsive-typography-calculated\" style=\"margin:0;--fontSize:64;line-height:var(--awb-typography1-line-height);\">\u00centreb\u0103ri frecvente<\/h1><\/div><\/div><\/div><\/div><\/div><div class=\"fusion-fullwidth fullwidth-box fusion-builder-row-3 fusion-flex-container has-pattern-background has-mask-background nonhundred-percent-fullwidth non-hundred-percent-height-scrolling\" style=\"--awb-border-radius-top-left:0px;--awb-border-radius-top-right:0px;--awb-border-radius-bottom-right:0px;--awb-border-radius-bottom-left:0px;--awb-padding-top:2vw;--awb-padding-bottom:2vw;--awb-flex-wrap:wrap;\" ><div class=\"fusion-builder-row fusion-row fusion-flex-align-items-flex-start fusion-flex-content-wrap\" style=\"max-width:1248px;margin-left: calc(-4% \/ 2 );margin-right: calc(-4% \/ 2 );\"><div class=\"fusion-layout-column fusion_builder_column fusion-builder-column-1 fusion_builder_column_1_1 1_1 fusion-flex-column\" style=\"--awb-bg-size:cover;--awb-width-large:100%;--awb-margin-top-large:0px;--awb-spacing-right-large:1.92%;--awb-margin-bottom-large:20px;--awb-spacing-left-large:1.92%;--awb-width-medium:100%;--awb-order-medium:0;--awb-spacing-right-medium:1.92%;--awb-spacing-left-medium:1.92%;--awb-width-small:100%;--awb-order-small:0;--awb-spacing-right-small:1.92%;--awb-spacing-left-small:1.92%;\"><div class=\"fusion-column-wrapper fusion-column-has-shadow fusion-flex-justify-content-flex-start fusion-content-layout-column\"><div class=\"accordian fusion-accordian toggle\" style=\"--awb-border-size:0px;--awb-icon-size:24px;--awb-content-font-size:var(--awb-typography4-font-size);--awb-icon-alignment:right;--awb-hover-color:#e6f8fc;--awb-border-color:var(--awb-color3);--awb-background-color:#f2f3f5;--awb-divider-color:var(--awb-color3);--awb-divider-hover-color:var(--awb-color3);--awb-icon-color:var(--awb-color8);--awb-title-color:var(--awb-color8);--awb-content-color:var(--awb-color8);--awb-icon-box-color:var(--awb-color8);--awb-toggle-hover-accent-color:var(--awb-color8);--awb-title-font-family:var(--awb-typography1-font-family);--awb-title-font-weight:var(--awb-typography1-font-weight);--awb-title-font-style:var(--awb-typography1-font-style);--awb-title-font-size:16px;--awb-content-font-family:var(--awb-typography4-font-family);--awb-content-font-weight:var(--awb-typography4-font-weight);--awb-content-font-style:var(--awb-typography4-font-style);\"><div class=\"panel-group fusion-toggle-icon-right fusion-toggle-icon-unboxed\" id=\"accordion-473-1\"><div class=\"fusion-panel panel-default toggle-mi panel-b563ecce0a7e4ec2d fusion-toggle-no-divider fusion-toggle-boxed-mode\"><div class=\"panel-heading\"><h4 class=\"panel-title toggle\" id=\"toggle_b563ecce0a7e4ec2d\"><a aria-expanded=\"false\" aria-controls=\"b563ecce0a7e4ec2d\" role=\"button\" data-toggle=\"collapse\" data-parent=\"#accordion-473-1\" data-target=\"#b563ecce0a7e4ec2d\" href=\"#b563ecce0a7e4ec2d\"><span class=\"fusion-toggle-icon-wrapper\" aria-hidden=\"true\"><i class=\"fa-fusion-box active-icon awb-icon-minus\" aria-hidden=\"true\"><\/i><i class=\"fa-fusion-box inactive-icon fa-angle-down fas\" aria-hidden=\"true\"><\/i><\/span><span class=\"fusion-toggle-heading\">Ce fel de materiale pot g\u0103si pe site?  <\/span><\/a><\/h4><\/div><div id=\"b563ecce0a7e4ec2d\" class=\"panel-collapse collapse \" aria-labelledby=\"toggle_b563ecce0a7e4ec2d\"><div class=\"panel-body toggle-content fusion-clearfix\">\n<p>Ve\u021bi g\u0103si materiale specifice privind dizabilit\u0103\u021bile intelectuale \u0219i cognitive.<br \/>\nMaterialul va acoperi subiecte precum metodologia Mind Inclusion, instrumente testate pentru a ajuta persoanele cu dizabilit\u0103\u021bi s\u0103 \u00ee\u0219i petreac\u0103 timpul liber \u00een condi\u021bii de mai mare siguran\u021b\u0103 (de exemplu, Mind Inclusion APP, jocuri pentru autodeterminare), accesibilitatea cognitiv\u0103 pentru a nu ne confrunta \u00eentotdeauna doar cu barierele arhitecturale, reflec\u021bii privind utilizarea instrumentelor tehnologice \u00een domeniul dizabilit\u0103\u021bii \u0219i rela\u021bia cu familiile. <\/p>\n<p>Aceste subiecte sunt prezentate prin videoclipuri, documenta\u021bie scris\u0103, infografice sumare.<\/p>\n<\/div><\/div><\/div><div class=\"fusion-panel panel-default toggle-mi panel-ad1f1544f1ccbe4c5 fusion-toggle-no-divider fusion-toggle-boxed-mode\"><div class=\"panel-heading\"><h4 class=\"panel-title toggle\" id=\"toggle_ad1f1544f1ccbe4c5\"><a aria-expanded=\"false\" aria-controls=\"ad1f1544f1ccbe4c5\" role=\"button\" data-toggle=\"collapse\" data-parent=\"#accordion-473-1\" data-target=\"#ad1f1544f1ccbe4c5\" href=\"#ad1f1544f1ccbe4c5\"><span class=\"fusion-toggle-icon-wrapper\" aria-hidden=\"true\"><i class=\"fa-fusion-box active-icon awb-icon-minus\" aria-hidden=\"true\"><\/i><i class=\"fa-fusion-box inactive-icon fa-angle-down fas\" aria-hidden=\"true\"><\/i><\/span><span class=\"fusion-toggle-heading\">Pot s\u0103 m\u0103 compar cu al\u021bi profesioni\u0219ti care lucreaz\u0103 \u00een domeniul asisten\u021bei sociale?<\/span><\/a><\/h4><\/div><div id=\"ad1f1544f1ccbe4c5\" class=\"panel-collapse collapse \" aria-labelledby=\"toggle_ad1f1544f1ccbe4c5\"><div class=\"panel-body toggle-content fusion-clearfix\">\n<p>Desigur, exist\u0103 un forum special \u00een cadrul platformei OLC unde v\u0103 pute\u021bi conecta pentru a deschide subiecte \u0219i a discuta probleme de asisten\u021b\u0103 social\u0103 cu al\u021bi profesioni\u0219ti, de asemenea, din alte \u021b\u0103ri europene, cre\u00e2nd astfel o E-comunitate.<\/p>\n<\/div><\/div><\/div><div class=\"fusion-panel panel-default toggle-mi panel-5264882db99000a91 fusion-toggle-no-divider fusion-toggle-boxed-mode\"><div class=\"panel-heading\"><h4 class=\"panel-title toggle\" id=\"toggle_5264882db99000a91\"><a aria-expanded=\"false\" aria-controls=\"5264882db99000a91\" role=\"button\" data-toggle=\"collapse\" data-parent=\"#accordion-473-1\" data-target=\"#5264882db99000a91\" href=\"#5264882db99000a91\"><span class=\"fusion-toggle-icon-wrapper\" aria-hidden=\"true\"><i class=\"fa-fusion-box active-icon awb-icon-minus\" aria-hidden=\"true\"><\/i><i class=\"fa-fusion-box inactive-icon fa-angle-down fas\" aria-hidden=\"true\"><\/i><\/span><span class=\"fusion-toggle-heading\">Pot sugera subiecte de studiu suplimentar sau pot solicita sprijin?<\/span><\/a><\/h4><\/div><div id=\"5264882db99000a91\" class=\"panel-collapse collapse \" aria-labelledby=\"toggle_5264882db99000a91\"><div class=\"panel-body toggle-content fusion-clearfix\">\n<p>Desigur, scriind un e-mail pe care \u00eel g\u0103si\u021bi \u00een partea de jos a paginii, pute\u021bi solicita at\u00e2t asisten\u021b\u0103 tehnic\u0103, c\u00e2t \u0219i informa\u021bii pe teme.<br \/>\nSugestiile noi sunt foarte importante pentru noi. <\/p>\n<\/div><\/div><\/div><\/div><\/div><\/div><\/div><\/div><\/div><div class=\"fusion-fullwidth fullwidth-box fusion-builder-row-4 fusion-flex-container has-pattern-background has-mask-background fusion-parallax-none nonhundred-percent-fullwidth non-hundred-percent-height-scrolling\" style=\"--awb-border-radius-top-left:0px;--awb-border-radius-top-right:0px;--awb-border-radius-bottom-right:0px;--awb-border-radius-bottom-left:0px;--awb-padding-top:2vw;--awb-padding-bottom:7vw;--awb-background-image:url(&quot;https:\/\/olc.mindinclusion.eu\/wp-content\/uploads\/2024\/02\/background-light-pink.jpg&quot;);--awb-background-size:cover;--awb-flex-wrap:wrap;\" ><div class=\"fusion-builder-row fusion-row fusion-flex-align-items-flex-start fusion-flex-justify-content-center fusion-flex-content-wrap\" style=\"max-width:1248px;margin-left: calc(-4% \/ 2 );margin-right: calc(-4% \/ 2 );\"><div class=\"fusion-layout-column fusion_builder_column fusion-builder-column-2 fusion_builder_column_3_4 3_4 fusion-flex-column\" style=\"--awb-padding-top:40px;--awb-padding-right:20px;--awb-padding-bottom:40px;--awb-padding-left:20px;--awb-overflow:hidden;--awb-bg-color:var(--awb-color1);--awb-bg-color-hover:var(--awb-color1);--awb-bg-size:cover;--awb-border-radius:16px 16px 16px 16px;--awb-width-large:75%;--awb-margin-top-large:0px;--awb-spacing-right-large:2.56%;--awb-margin-bottom-large:20px;--awb-spacing-left-large:2.56%;--awb-width-medium:75%;--awb-order-medium:0;--awb-spacing-right-medium:2.56%;--awb-spacing-left-medium:2.56%;--awb-width-small:100%;--awb-order-small:0;--awb-spacing-right-small:1.92%;--awb-spacing-left-small:1.92%;\"><div class=\"fusion-column-wrapper fusion-column-has-shadow fusion-flex-justify-content-flex-start fusion-content-layout-column\"><div class=\"fusion-title title fusion-title-2 fusion-sep-none fusion-title-center fusion-title-text fusion-title-size-two\" style=\"--awb-text-color:var(--awb-color8);\"><h2 class=\"fusion-title-heading title-heading-center fusion-responsive-typography-calculated\" style=\"margin:0;--fontSize:48;line-height:var(--awb-typography1-line-height);\">Nu g\u0103si\u021bi ceea ce c\u0103uta\u021bi?<\/h2><\/div><div style=\"text-align:center;\"><a class=\"fusion-button button-flat fusion-button-default-size button-custom fusion-button-default button-1 fusion-button-default-span fusion-button-default-type\" style=\"--button_accent_color:var(--awb-color1);--button_accent_hover_color:var(--awb-color1);--button_border_hover_color:var(--awb-color1);--button_gradient_top_color:var(--awb-color6);--button_gradient_bottom_color:var(--awb-color6);--button_gradient_top_color_hover:#e6206e;--button_gradient_bottom_color_hover:#e6206e;\" target=\"_self\" href=\"https:\/\/olc.mindinclusion.eu\/contact\/\"><span class=\"fusion-button-text\">PUNE\u021aI O \u00ceNTREBARE<\/span><\/a><\/div><\/div><\/div><\/div><\/div><\/p>\n","protected":false},"excerpt":{"rendered":"","protected":false},"author":1,"featured_media":0,"parent":0,"menu_order":0,"comment_status":"closed","ping_status":"closed","template":"100-width.php","meta":{"footnotes":""},"class_list":["post-473","page","type-page","status-publish","hentry"],"_links":{"self":[{"href":"https:\/\/olc.mindinclusion.eu\/ro\/wp-json\/wp\/v2\/pages\/473","targetHints":{"allow":["GET"]}}],"collection":[{"href":"https:\/\/olc.mindinclusion.eu\/ro\/wp-json\/wp\/v2\/pages"}],"about":[{"href":"https:\/\/olc.mindinclusion.eu\/ro\/wp-json\/wp\/v2\/types\/page"}],"author":[{"embeddable":true,"href":"https:\/\/olc.mindinclusion.eu\/ro\/wp-json\/wp\/v2\/users\/1"}],"replies":[{"embeddable":true,"href":"https:\/\/olc.mindinclusion.eu\/ro\/wp-json\/wp\/v2\/comments?post=473"}],"version-history":[{"count":4,"href":"https:\/\/olc.mindinclusion.eu\/ro\/wp-json\/wp\/v2\/pages\/473\/revisions"}],"predecessor-version":[{"id":906,"href":"https:\/\/olc.mindinclusion.eu\/ro\/wp-json\/wp\/v2\/pages\/473\/revisions\/906"}],"wp:attachment":[{"href":"https:\/\/olc.mindinclusion.eu\/ro\/wp-json\/wp\/v2\/media?parent=473"}],"curies":[{"name":"wp","href":"https:\/\/api.w.org\/{rel}","templated":true}]}}