{"id":471,"date":"2024-02-08T10:00:32","date_gmt":"2024-02-08T09:00:32","guid":{"rendered":"https:\/\/olc.mindinclusion.eu\/domande-frequenti\/"},"modified":"2024-09-30T15:05:29","modified_gmt":"2024-09-30T13:05:29","slug":"domande-frequenti","status":"publish","type":"page","link":"https:\/\/olc.mindinclusion.eu\/it\/domande-frequenti\/","title":{"rendered":"FAQ"},"content":{"rendered":"<p><div class=\"fusion-fullwidth fullwidth-box fusion-builder-row-1 fusion-flex-container has-pattern-background has-mask-background fusion-parallax-none hundred-percent-fullwidth non-hundred-percent-height-scrolling\" style=\"--awb-background-position:center top;--awb-border-radius-top-left:0px;--awb-border-radius-top-right:0px;--awb-border-radius-bottom-right:0px;--awb-border-radius-bottom-left:0px;--awb-padding-top:14vw;--awb-padding-bottom:14vw;--awb-background-color:#bdbebf;--awb-background-image:url(&quot;https:\/\/olc.mindinclusion.eu\/wp-content\/uploads\/2024\/02\/Header-OLC.png&quot;);--awb-background-size:cover;--awb-flex-wrap:wrap;\" ><div class=\"fusion-builder-row fusion-row fusion-flex-align-items-flex-start fusion-flex-content-wrap\" style=\"width:104% !important;max-width:104% !important;margin-left: calc(-4% \/ 2 );margin-right: calc(-4% \/ 2 );\"><\/div><\/div><div class=\"fusion-fullwidth fullwidth-box fusion-builder-row-2 fusion-flex-container has-pattern-background has-mask-background hundred-percent-fullwidth non-hundred-percent-height-scrolling\" style=\"--awb-border-radius-top-left:0px;--awb-border-radius-top-right:0px;--awb-border-radius-bottom-right:0px;--awb-border-radius-bottom-left:0px;--awb-padding-right:80px;--awb-margin-top:-5vw;--awb-flex-wrap:wrap;\" ><div class=\"fusion-builder-row fusion-row fusion-flex-align-items-flex-start fusion-flex-justify-content-flex-end fusion-flex-content-wrap\" style=\"width:104% !important;max-width:104% !important;margin-left: calc(-4% \/ 2 );margin-right: calc(-4% \/ 2 );\"><div class=\"fusion-layout-column fusion_builder_column fusion-builder-column-0 fusion_builder_column_2_3 2_3 fusion-flex-column\" style=\"--awb-padding-top:40px;--awb-padding-bottom:40px;--awb-overflow:hidden;--awb-bg-color:var(--awb-color4);--awb-bg-color-hover:var(--awb-color4);--awb-bg-size:cover;--awb-border-radius:16px 16px 16px 16px;--awb-width-large:66.666666666667%;--awb-margin-top-large:0px;--awb-spacing-right-large:2.88%;--awb-margin-bottom-large:20px;--awb-spacing-left-large:2.88%;--awb-width-medium:66.666666666667%;--awb-order-medium:0;--awb-spacing-right-medium:2.88%;--awb-spacing-left-medium:2.88%;--awb-width-small:100%;--awb-order-small:0;--awb-spacing-right-small:1.92%;--awb-spacing-left-small:1.92%;\"><div class=\"fusion-column-wrapper fusion-column-has-shadow fusion-flex-justify-content-flex-start fusion-content-layout-column\"><div class=\"fusion-title title fusion-title-1 fusion-sep-none fusion-title-center fusion-title-text fusion-title-size-one\" style=\"--awb-text-color:var(--awb-color1);\"><h1 class=\"fusion-title-heading title-heading-center fusion-responsive-typography-calculated\" style=\"margin:0;--fontSize:64;line-height:var(--awb-typography1-line-height);\">Domande frequenti<\/h1><\/div><\/div><\/div><\/div><\/div><div class=\"fusion-fullwidth fullwidth-box fusion-builder-row-3 fusion-flex-container has-pattern-background has-mask-background nonhundred-percent-fullwidth non-hundred-percent-height-scrolling\" style=\"--awb-border-radius-top-left:0px;--awb-border-radius-top-right:0px;--awb-border-radius-bottom-right:0px;--awb-border-radius-bottom-left:0px;--awb-padding-top:2vw;--awb-padding-bottom:2vw;--awb-flex-wrap:wrap;\" ><div class=\"fusion-builder-row fusion-row fusion-flex-align-items-flex-start fusion-flex-content-wrap\" style=\"max-width:1248px;margin-left: calc(-4% \/ 2 );margin-right: calc(-4% \/ 2 );\"><div class=\"fusion-layout-column fusion_builder_column fusion-builder-column-1 fusion_builder_column_1_1 1_1 fusion-flex-column\" style=\"--awb-bg-size:cover;--awb-width-large:100%;--awb-margin-top-large:0px;--awb-spacing-right-large:1.92%;--awb-margin-bottom-large:20px;--awb-spacing-left-large:1.92%;--awb-width-medium:100%;--awb-order-medium:0;--awb-spacing-right-medium:1.92%;--awb-spacing-left-medium:1.92%;--awb-width-small:100%;--awb-order-small:0;--awb-spacing-right-small:1.92%;--awb-spacing-left-small:1.92%;\"><div class=\"fusion-column-wrapper fusion-column-has-shadow fusion-flex-justify-content-flex-start fusion-content-layout-column\"><div class=\"accordian fusion-accordian toggle\" style=\"--awb-border-size:0px;--awb-icon-size:24px;--awb-content-font-size:var(--awb-typography4-font-size);--awb-icon-alignment:right;--awb-hover-color:#e6f8fc;--awb-border-color:var(--awb-color3);--awb-background-color:#f2f3f5;--awb-divider-color:var(--awb-color3);--awb-divider-hover-color:var(--awb-color3);--awb-icon-color:var(--awb-color8);--awb-title-color:var(--awb-color8);--awb-content-color:var(--awb-color8);--awb-icon-box-color:var(--awb-color8);--awb-toggle-hover-accent-color:var(--awb-color8);--awb-title-font-family:var(--awb-typography1-font-family);--awb-title-font-weight:var(--awb-typography1-font-weight);--awb-title-font-style:var(--awb-typography1-font-style);--awb-title-font-size:16px;--awb-content-font-family:var(--awb-typography4-font-family);--awb-content-font-weight:var(--awb-typography4-font-weight);--awb-content-font-style:var(--awb-typography4-font-style);\"><div class=\"panel-group fusion-toggle-icon-right fusion-toggle-icon-unboxed\" id=\"accordion-471-1\"><div class=\"fusion-panel panel-default toggle-mi panel-51adb2cacec9b4601 fusion-toggle-no-divider fusion-toggle-boxed-mode\"><div class=\"panel-heading\"><h4 class=\"panel-title toggle\" id=\"toggle_51adb2cacec9b4601\"><a aria-expanded=\"false\" aria-controls=\"51adb2cacec9b4601\" role=\"button\" data-toggle=\"collapse\" data-parent=\"#accordion-471-1\" data-target=\"#51adb2cacec9b4601\" href=\"#51adb2cacec9b4601\"><span class=\"fusion-toggle-icon-wrapper\" aria-hidden=\"true\"><i class=\"fa-fusion-box active-icon awb-icon-minus\" aria-hidden=\"true\"><\/i><i class=\"fa-fusion-box inactive-icon fa-angle-down fas\" aria-hidden=\"true\"><\/i><\/span><span class=\"fusion-toggle-heading\">Che tipo di materiale posso trovare sul sito?  <\/span><\/a><\/h4><\/div><div id=\"51adb2cacec9b4601\" class=\"panel-collapse collapse \" aria-labelledby=\"toggle_51adb2cacec9b4601\"><div class=\"panel-body toggle-content fusion-clearfix\">\n<p>Troverai materiale specifico sulle disabilit\u00e0 intellettive e cognitive.<br \/>\nIl materiale tratter\u00e0 argomenti come la metodologia Mind Inclusion, gli strumenti testati per aiutare le persone con disabilit\u00e0 a vivere il loro tempo libero in modo pi\u00f9 sicuro (ad esempio la Mind Inclusion APP, i giochi per l&#8217;autodeterminazione), l&#8217;accessibilit\u00e0 cognitiva per non occuparsi sempre e solo di barriere architettoniche, le riflessioni sull&#8217;uso degli strumenti tecnologici nella disabilit\u00e0 e il rapporto con le famiglie. <\/p>\n<p>Questi argomenti sono presentati attraverso video, documentazione scritta e infografiche riassuntive.<\/p>\n<\/div><\/div><\/div><div class=\"fusion-panel panel-default toggle-mi panel-4dafdd4b5ffe738dd fusion-toggle-no-divider fusion-toggle-boxed-mode\"><div class=\"panel-heading\"><h4 class=\"panel-title toggle\" id=\"toggle_4dafdd4b5ffe738dd\"><a aria-expanded=\"false\" aria-controls=\"4dafdd4b5ffe738dd\" role=\"button\" data-toggle=\"collapse\" data-parent=\"#accordion-471-1\" data-target=\"#4dafdd4b5ffe738dd\" href=\"#4dafdd4b5ffe738dd\"><span class=\"fusion-toggle-icon-wrapper\" aria-hidden=\"true\"><i class=\"fa-fusion-box active-icon awb-icon-minus\" aria-hidden=\"true\"><\/i><i class=\"fa-fusion-box inactive-icon fa-angle-down fas\" aria-hidden=\"true\"><\/i><\/span><span class=\"fusion-toggle-heading\">Posso confrontarmi con altri professionisti che lavorano nel sociale?<\/span><\/a><\/h4><\/div><div id=\"4dafdd4b5ffe738dd\" class=\"panel-collapse collapse \" aria-labelledby=\"toggle_4dafdd4b5ffe738dd\"><div class=\"panel-body toggle-content fusion-clearfix\">\n<p>Naturalmente, nella piattaforma OLC c&#8217;\u00e8 un forum speciale in cui puoi accedere per aprire argomenti e discutere di lavoro sociale con altri professionisti, anche di altri paesi europei, creando cos\u00ec una E-community.<\/p>\n<\/div><\/div><\/div><div class=\"fusion-panel panel-default toggle-mi panel-1ba131a1ba8b3059e fusion-toggle-no-divider fusion-toggle-boxed-mode\"><div class=\"panel-heading\"><h4 class=\"panel-title toggle\" id=\"toggle_1ba131a1ba8b3059e\"><a aria-expanded=\"false\" aria-controls=\"1ba131a1ba8b3059e\" role=\"button\" data-toggle=\"collapse\" data-parent=\"#accordion-471-1\" data-target=\"#1ba131a1ba8b3059e\" href=\"#1ba131a1ba8b3059e\"><span class=\"fusion-toggle-icon-wrapper\" aria-hidden=\"true\"><i class=\"fa-fusion-box active-icon awb-icon-minus\" aria-hidden=\"true\"><\/i><i class=\"fa-fusion-box inactive-icon fa-angle-down fas\" aria-hidden=\"true\"><\/i><\/span><span class=\"fusion-toggle-heading\">Posso suggerire argomenti da approfondire o chiedere supporto?<\/span><\/a><\/h4><\/div><div id=\"1ba131a1ba8b3059e\" class=\"panel-collapse collapse \" aria-labelledby=\"toggle_1ba131a1ba8b3059e\"><div class=\"panel-body toggle-content fusion-clearfix\">\n<p>Naturalmente, scrivendo un&#8217;e-mail che trovi in fondo alla pagina puoi sia chiedere assistenza tecnica che richiedere informazioni su argomenti.<br \/>\nI nuovi suggerimenti sono molto importanti per noi. <\/p>\n<\/div><\/div><\/div><\/div><\/div><\/div><\/div><\/div><\/div><div class=\"fusion-fullwidth fullwidth-box fusion-builder-row-4 fusion-flex-container has-pattern-background has-mask-background fusion-parallax-none nonhundred-percent-fullwidth non-hundred-percent-height-scrolling\" style=\"--awb-border-radius-top-left:0px;--awb-border-radius-top-right:0px;--awb-border-radius-bottom-right:0px;--awb-border-radius-bottom-left:0px;--awb-padding-top:2vw;--awb-padding-bottom:7vw;--awb-background-image:url(&quot;https:\/\/olc.mindinclusion.eu\/wp-content\/uploads\/2024\/02\/background-light-pink.jpg&quot;);--awb-background-size:cover;--awb-flex-wrap:wrap;\" ><div class=\"fusion-builder-row fusion-row fusion-flex-align-items-flex-start fusion-flex-justify-content-center fusion-flex-content-wrap\" style=\"max-width:1248px;margin-left: calc(-4% \/ 2 );margin-right: calc(-4% \/ 2 );\"><div class=\"fusion-layout-column fusion_builder_column fusion-builder-column-2 fusion_builder_column_3_4 3_4 fusion-flex-column\" style=\"--awb-padding-top:40px;--awb-padding-right:20px;--awb-padding-bottom:40px;--awb-padding-left:20px;--awb-overflow:hidden;--awb-bg-color:var(--awb-color1);--awb-bg-color-hover:var(--awb-color1);--awb-bg-size:cover;--awb-border-radius:16px 16px 16px 16px;--awb-width-large:75%;--awb-margin-top-large:0px;--awb-spacing-right-large:2.56%;--awb-margin-bottom-large:20px;--awb-spacing-left-large:2.56%;--awb-width-medium:75%;--awb-order-medium:0;--awb-spacing-right-medium:2.56%;--awb-spacing-left-medium:2.56%;--awb-width-small:100%;--awb-order-small:0;--awb-spacing-right-small:1.92%;--awb-spacing-left-small:1.92%;\"><div class=\"fusion-column-wrapper fusion-column-has-shadow fusion-flex-justify-content-flex-start fusion-content-layout-column\"><div class=\"fusion-title title fusion-title-2 fusion-sep-none fusion-title-center fusion-title-text fusion-title-size-two\" style=\"--awb-text-color:var(--awb-color8);\"><h2 class=\"fusion-title-heading title-heading-center fusion-responsive-typography-calculated\" style=\"margin:0;--fontSize:48;line-height:var(--awb-typography1-line-height);\">Non riesci a trovare quello che stai cercando?<\/h2><\/div><div style=\"text-align:center;\"><a class=\"fusion-button button-flat fusion-button-default-size button-custom fusion-button-default button-1 fusion-button-default-span fusion-button-default-type\" style=\"--button_accent_color:var(--awb-color1);--button_accent_hover_color:var(--awb-color1);--button_border_hover_color:var(--awb-color1);--button_gradient_top_color:var(--awb-color6);--button_gradient_bottom_color:var(--awb-color6);--button_gradient_top_color_hover:#e6206e;--button_gradient_bottom_color_hover:#e6206e;\" target=\"_self\" href=\"https:\/\/olc.mindinclusion.eu\/contact\/\"><span class=\"fusion-button-text\">CHIEDI UNA DOMANDA<\/span><\/a><\/div><\/div><\/div><\/div><\/div><\/p>\n","protected":false},"excerpt":{"rendered":"","protected":false},"author":1,"featured_media":0,"parent":0,"menu_order":0,"comment_status":"closed","ping_status":"closed","template":"100-width.php","meta":{"footnotes":""},"class_list":["post-471","page","type-page","status-publish","hentry"],"_links":{"self":[{"href":"https:\/\/olc.mindinclusion.eu\/it\/wp-json\/wp\/v2\/pages\/471","targetHints":{"allow":["GET"]}}],"collection":[{"href":"https:\/\/olc.mindinclusion.eu\/it\/wp-json\/wp\/v2\/pages"}],"about":[{"href":"https:\/\/olc.mindinclusion.eu\/it\/wp-json\/wp\/v2\/types\/page"}],"author":[{"embeddable":true,"href":"https:\/\/olc.mindinclusion.eu\/it\/wp-json\/wp\/v2\/users\/1"}],"replies":[{"embeddable":true,"href":"https:\/\/olc.mindinclusion.eu\/it\/wp-json\/wp\/v2\/comments?post=471"}],"version-history":[{"count":4,"href":"https:\/\/olc.mindinclusion.eu\/it\/wp-json\/wp\/v2\/pages\/471\/revisions"}],"predecessor-version":[{"id":892,"href":"https:\/\/olc.mindinclusion.eu\/it\/wp-json\/wp\/v2\/pages\/471\/revisions\/892"}],"wp:attachment":[{"href":"https:\/\/olc.mindinclusion.eu\/it\/wp-json\/wp\/v2\/media?parent=471"}],"curies":[{"name":"wp","href":"https:\/\/api.w.org\/{rel}","templated":true}]}}