{"id":857,"date":"2024-02-08T10:00:32","date_gmt":"2024-02-08T09:00:32","guid":{"rendered":"https:\/\/olc.mindinclusion.eu\/preguntas-frecuentes\/"},"modified":"2024-09-30T15:11:51","modified_gmt":"2024-09-30T13:11:51","slug":"preguntas-frecuentes","status":"publish","type":"page","link":"https:\/\/olc.mindinclusion.eu\/es\/preguntas-frecuentes\/","title":{"rendered":"Preguntas frecuentes"},"content":{"rendered":"<p><div class=\"fusion-fullwidth fullwidth-box fusion-builder-row-1 fusion-flex-container has-pattern-background has-mask-background fusion-parallax-none hundred-percent-fullwidth non-hundred-percent-height-scrolling\" style=\"--awb-background-position:center top;--awb-border-radius-top-left:0px;--awb-border-radius-top-right:0px;--awb-border-radius-bottom-right:0px;--awb-border-radius-bottom-left:0px;--awb-padding-top:14vw;--awb-padding-bottom:14vw;--awb-background-color:#bdbebf;--awb-background-image:url(&quot;https:\/\/olc.mindinclusion.eu\/wp-content\/uploads\/2024\/02\/Header-OLC.png&quot;);--awb-background-size:cover;--awb-flex-wrap:wrap;\" ><div class=\"fusion-builder-row fusion-row fusion-flex-align-items-flex-start fusion-flex-content-wrap\" style=\"width:104% !important;max-width:104% !important;margin-left: calc(-4% \/ 2 );margin-right: calc(-4% \/ 2 );\"><\/div><\/div><div class=\"fusion-fullwidth fullwidth-box fusion-builder-row-2 fusion-flex-container has-pattern-background has-mask-background hundred-percent-fullwidth non-hundred-percent-height-scrolling\" style=\"--awb-border-radius-top-left:0px;--awb-border-radius-top-right:0px;--awb-border-radius-bottom-right:0px;--awb-border-radius-bottom-left:0px;--awb-padding-right:80px;--awb-margin-top:-5vw;--awb-flex-wrap:wrap;\" ><div class=\"fusion-builder-row fusion-row fusion-flex-align-items-flex-start fusion-flex-justify-content-flex-end fusion-flex-content-wrap\" style=\"width:104% !important;max-width:104% !important;margin-left: calc(-4% \/ 2 );margin-right: calc(-4% \/ 2 );\"><div class=\"fusion-layout-column fusion_builder_column fusion-builder-column-0 fusion_builder_column_2_3 2_3 fusion-flex-column\" style=\"--awb-padding-top:40px;--awb-padding-bottom:40px;--awb-overflow:hidden;--awb-bg-color:var(--awb-color4);--awb-bg-color-hover:var(--awb-color4);--awb-bg-size:cover;--awb-border-radius:16px 16px 16px 16px;--awb-width-large:66.666666666667%;--awb-margin-top-large:0px;--awb-spacing-right-large:2.88%;--awb-margin-bottom-large:20px;--awb-spacing-left-large:2.88%;--awb-width-medium:66.666666666667%;--awb-order-medium:0;--awb-spacing-right-medium:2.88%;--awb-spacing-left-medium:2.88%;--awb-width-small:100%;--awb-order-small:0;--awb-spacing-right-small:1.92%;--awb-spacing-left-small:1.92%;\"><div class=\"fusion-column-wrapper fusion-column-has-shadow fusion-flex-justify-content-flex-start fusion-content-layout-column\"><div class=\"fusion-title title fusion-title-1 fusion-sep-none fusion-title-center fusion-title-text fusion-title-size-one\" style=\"--awb-text-color:var(--awb-color1);\"><h1 class=\"fusion-title-heading title-heading-center fusion-responsive-typography-calculated\" style=\"margin:0;--fontSize:64;line-height:var(--awb-typography1-line-height);\">Preguntas frecuentes<\/h1><\/div><\/div><\/div><\/div><\/div><div class=\"fusion-fullwidth fullwidth-box fusion-builder-row-3 fusion-flex-container has-pattern-background has-mask-background nonhundred-percent-fullwidth non-hundred-percent-height-scrolling\" style=\"--awb-border-radius-top-left:0px;--awb-border-radius-top-right:0px;--awb-border-radius-bottom-right:0px;--awb-border-radius-bottom-left:0px;--awb-padding-top:2vw;--awb-padding-bottom:2vw;--awb-flex-wrap:wrap;\" ><div class=\"fusion-builder-row fusion-row fusion-flex-align-items-flex-start fusion-flex-content-wrap\" style=\"max-width:1248px;margin-left: calc(-4% \/ 2 );margin-right: calc(-4% \/ 2 );\"><div class=\"fusion-layout-column fusion_builder_column fusion-builder-column-1 fusion_builder_column_1_1 1_1 fusion-flex-column\" style=\"--awb-bg-size:cover;--awb-width-large:100%;--awb-margin-top-large:0px;--awb-spacing-right-large:1.92%;--awb-margin-bottom-large:20px;--awb-spacing-left-large:1.92%;--awb-width-medium:100%;--awb-order-medium:0;--awb-spacing-right-medium:1.92%;--awb-spacing-left-medium:1.92%;--awb-width-small:100%;--awb-order-small:0;--awb-spacing-right-small:1.92%;--awb-spacing-left-small:1.92%;\"><div class=\"fusion-column-wrapper fusion-column-has-shadow fusion-flex-justify-content-flex-start fusion-content-layout-column\"><div class=\"accordian fusion-accordian toggle\" style=\"--awb-border-size:0px;--awb-icon-size:24px;--awb-content-font-size:var(--awb-typography4-font-size);--awb-icon-alignment:right;--awb-hover-color:#e6f8fc;--awb-border-color:var(--awb-color3);--awb-background-color:#f2f3f5;--awb-divider-color:var(--awb-color3);--awb-divider-hover-color:var(--awb-color3);--awb-icon-color:var(--awb-color8);--awb-title-color:var(--awb-color8);--awb-content-color:var(--awb-color8);--awb-icon-box-color:var(--awb-color8);--awb-toggle-hover-accent-color:var(--awb-color8);--awb-title-font-family:var(--awb-typography1-font-family);--awb-title-font-weight:var(--awb-typography1-font-weight);--awb-title-font-style:var(--awb-typography1-font-style);--awb-title-font-size:16px;--awb-content-font-family:var(--awb-typography4-font-family);--awb-content-font-weight:var(--awb-typography4-font-weight);--awb-content-font-style:var(--awb-typography4-font-style);\"><div class=\"panel-group fusion-toggle-icon-right fusion-toggle-icon-unboxed\" id=\"accordion-857-1\"><div class=\"fusion-panel panel-default toggle-mi panel-1610250b404def063 fusion-toggle-no-divider fusion-toggle-boxed-mode\"><div class=\"panel-heading\"><h4 class=\"panel-title toggle\" id=\"toggle_1610250b404def063\"><a aria-expanded=\"false\" aria-controls=\"1610250b404def063\" role=\"button\" data-toggle=\"collapse\" data-parent=\"#accordion-857-1\" data-target=\"#1610250b404def063\" href=\"#1610250b404def063\"><span class=\"fusion-toggle-icon-wrapper\" aria-hidden=\"true\"><i class=\"fa-fusion-box active-icon awb-icon-minus\" aria-hidden=\"true\"><\/i><i class=\"fa-fusion-box inactive-icon fa-angle-down fas\" aria-hidden=\"true\"><\/i><\/span><span class=\"fusion-toggle-heading\">\u00bfQu\u00e9 tipo de material puedo encontrar en la web?  <\/span><\/a><\/h4><\/div><div id=\"1610250b404def063\" class=\"panel-collapse collapse \" aria-labelledby=\"toggle_1610250b404def063\"><div class=\"panel-body toggle-content fusion-clearfix\">\n<p>Encontrar\u00e1s material espec\u00edfico sobre discapacidad intelectual y cognitiva.<br \/>\nEl material tratar\u00e1 temas como la metodolog\u00eda Mind Inclusion, herramientas probadas para ayudar a las personas con discapacidad a vivir su tiempo de ocio de forma m\u00e1s segura (por ejemplo, la APP Mind Inclusion, juegos para la autodeterminaci\u00f3n), accesibilidad cognitiva para no tratar siempre s\u00f3lo las barreras arquitect\u00f3nicas, reflexiones sobre el uso de herramientas tecnol\u00f3gicas en la discapacidad y la relaci\u00f3n con las familias. <\/p>\n<p>Estos temas se presentan mediante v\u00eddeos, documentaci\u00f3n escrita e infograf\u00edas resumidas.<\/p>\n<\/div><\/div><\/div><div class=\"fusion-panel panel-default toggle-mi panel-31569bc883783fd55 fusion-toggle-no-divider fusion-toggle-boxed-mode\"><div class=\"panel-heading\"><h4 class=\"panel-title toggle\" id=\"toggle_31569bc883783fd55\"><a aria-expanded=\"false\" aria-controls=\"31569bc883783fd55\" role=\"button\" data-toggle=\"collapse\" data-parent=\"#accordion-857-1\" data-target=\"#31569bc883783fd55\" href=\"#31569bc883783fd55\"><span class=\"fusion-toggle-icon-wrapper\" aria-hidden=\"true\"><i class=\"fa-fusion-box active-icon awb-icon-minus\" aria-hidden=\"true\"><\/i><i class=\"fa-fusion-box inactive-icon fa-angle-down fas\" aria-hidden=\"true\"><\/i><\/span><span class=\"fusion-toggle-heading\">\u00bfPuedo compararme con otros profesionales del trabajo social?<\/span><\/a><\/h4><\/div><div id=\"31569bc883783fd55\" class=\"panel-collapse collapse \" aria-labelledby=\"toggle_31569bc883783fd55\"><div class=\"panel-body toggle-content fusion-clearfix\">\n<p>Por supuesto, hay un foro especial en la plataforma del OLC donde puedes entrar para abrir temas y discutir cuestiones de trabajo social con otros profesionales, tambi\u00e9n de otros pa\u00edses europeos, creando as\u00ed una E-comunidad.<\/p>\n<\/div><\/div><\/div><div class=\"fusion-panel panel-default toggle-mi panel-d44adf398a3596055 fusion-toggle-no-divider fusion-toggle-boxed-mode\"><div class=\"panel-heading\"><h4 class=\"panel-title toggle\" id=\"toggle_d44adf398a3596055\"><a aria-expanded=\"false\" aria-controls=\"d44adf398a3596055\" role=\"button\" data-toggle=\"collapse\" data-parent=\"#accordion-857-1\" data-target=\"#d44adf398a3596055\" href=\"#d44adf398a3596055\"><span class=\"fusion-toggle-icon-wrapper\" aria-hidden=\"true\"><i class=\"fa-fusion-box active-icon awb-icon-minus\" aria-hidden=\"true\"><\/i><i class=\"fa-fusion-box inactive-icon fa-angle-down fas\" aria-hidden=\"true\"><\/i><\/span><span class=\"fusion-toggle-heading\">\u00bfPuedo sugerir alg\u00fan tema para seguir estudiando o pedir ayuda?<\/span><\/a><\/h4><\/div><div id=\"d44adf398a3596055\" class=\"panel-collapse collapse \" aria-labelledby=\"toggle_d44adf398a3596055\"><div class=\"panel-body toggle-content fusion-clearfix\">\n<p>Por supuesto, escribiendo un correo electr\u00f3nico que encontrar\u00e1s al final de la p\u00e1gina puedes tanto solicitar asistencia t\u00e9cnica como pedir informaci\u00f3n sobre temas.<br \/>\nLas nuevas sugerencias son muy importantes para nosotros. <\/p>\n<\/div><\/div><\/div><\/div><\/div><\/div><\/div><\/div><\/div><div class=\"fusion-fullwidth fullwidth-box fusion-builder-row-4 fusion-flex-container has-pattern-background has-mask-background fusion-parallax-none nonhundred-percent-fullwidth non-hundred-percent-height-scrolling\" style=\"--awb-border-radius-top-left:0px;--awb-border-radius-top-right:0px;--awb-border-radius-bottom-right:0px;--awb-border-radius-bottom-left:0px;--awb-padding-top:2vw;--awb-padding-bottom:7vw;--awb-background-image:url(&quot;https:\/\/olc.mindinclusion.eu\/wp-content\/uploads\/2024\/02\/background-light-pink.jpg&quot;);--awb-background-size:cover;--awb-flex-wrap:wrap;\" ><div class=\"fusion-builder-row fusion-row fusion-flex-align-items-flex-start fusion-flex-justify-content-center fusion-flex-content-wrap\" style=\"max-width:1248px;margin-left: calc(-4% \/ 2 );margin-right: calc(-4% \/ 2 );\"><div class=\"fusion-layout-column fusion_builder_column fusion-builder-column-2 fusion_builder_column_3_4 3_4 fusion-flex-column\" style=\"--awb-padding-top:40px;--awb-padding-right:20px;--awb-padding-bottom:40px;--awb-padding-left:20px;--awb-overflow:hidden;--awb-bg-color:var(--awb-color1);--awb-bg-color-hover:var(--awb-color1);--awb-bg-size:cover;--awb-border-radius:16px 16px 16px 16px;--awb-width-large:75%;--awb-margin-top-large:0px;--awb-spacing-right-large:2.56%;--awb-margin-bottom-large:20px;--awb-spacing-left-large:2.56%;--awb-width-medium:75%;--awb-order-medium:0;--awb-spacing-right-medium:2.56%;--awb-spacing-left-medium:2.56%;--awb-width-small:100%;--awb-order-small:0;--awb-spacing-right-small:1.92%;--awb-spacing-left-small:1.92%;\"><div class=\"fusion-column-wrapper fusion-column-has-shadow fusion-flex-justify-content-flex-start fusion-content-layout-column\"><div class=\"fusion-title title fusion-title-2 fusion-sep-none fusion-title-center fusion-title-text fusion-title-size-two\" style=\"--awb-text-color:var(--awb-color8);\"><h2 class=\"fusion-title-heading title-heading-center fusion-responsive-typography-calculated\" style=\"margin:0;--fontSize:48;line-height:var(--awb-typography1-line-height);\">\u00bfNo encuentras lo que buscas?<\/h2><\/div><div style=\"text-align:center;\"><a class=\"fusion-button button-flat fusion-button-default-size button-custom fusion-button-default button-1 fusion-button-default-span fusion-button-default-type\" style=\"--button_accent_color:var(--awb-color1);--button_accent_hover_color:var(--awb-color1);--button_border_hover_color:var(--awb-color1);--button_gradient_top_color:var(--awb-color6);--button_gradient_bottom_color:var(--awb-color6);--button_gradient_top_color_hover:#e6206e;--button_gradient_bottom_color_hover:#e6206e;\" target=\"_self\" href=\"https:\/\/olc.mindinclusion.eu\/es\/?page_id=483\"><span class=\"fusion-button-text\">PREGUNTA<\/span><\/a><\/div><\/div><\/div><\/div><\/div><\/p>\n","protected":false},"excerpt":{"rendered":"","protected":false},"author":1,"featured_media":0,"parent":0,"menu_order":0,"comment_status":"closed","ping_status":"closed","template":"100-width.php","meta":{"footnotes":""},"class_list":["post-857","page","type-page","status-publish","hentry"],"_links":{"self":[{"href":"https:\/\/olc.mindinclusion.eu\/es\/wp-json\/wp\/v2\/pages\/857","targetHints":{"allow":["GET"]}}],"collection":[{"href":"https:\/\/olc.mindinclusion.eu\/es\/wp-json\/wp\/v2\/pages"}],"about":[{"href":"https:\/\/olc.mindinclusion.eu\/es\/wp-json\/wp\/v2\/types\/page"}],"author":[{"embeddable":true,"href":"https:\/\/olc.mindinclusion.eu\/es\/wp-json\/wp\/v2\/users\/1"}],"replies":[{"embeddable":true,"href":"https:\/\/olc.mindinclusion.eu\/es\/wp-json\/wp\/v2\/comments?post=857"}],"version-history":[{"count":3,"href":"https:\/\/olc.mindinclusion.eu\/es\/wp-json\/wp\/v2\/pages\/857\/revisions"}],"predecessor-version":[{"id":904,"href":"https:\/\/olc.mindinclusion.eu\/es\/wp-json\/wp\/v2\/pages\/857\/revisions\/904"}],"wp:attachment":[{"href":"https:\/\/olc.mindinclusion.eu\/es\/wp-json\/wp\/v2\/media?parent=857"}],"curies":[{"name":"wp","href":"https:\/\/api.w.org\/{rel}","templated":true}]}}